{"id":6961,"date":"2022-03-23T14:28:59","date_gmt":"2022-03-23T19:28:59","guid":{"rendered":"https:\/\/www.distrab.com\/Word_Press\/?post_type=product&#038;p=6961"},"modified":"2025-11-25T11:28:59","modified_gmt":"2025-11-25T16:28:59","slug":"rueda-afilado-sierra","status":"publish","type":"product","link":"https:\/\/www.distrab.com\/Word_Press\/product\/rueda-afilado-sierra\/","title":{"rendered":"RUEDA AFILADO SIERRA"},"content":{"rendered":"<p>CARACTER\u00cdSTICAS: Fabricadas en \u00f3xido de aluminio Marr\u00f3n, perfil C y ligas vitrificadas que operan a 33 m\/sg.<\/p>\n","protected":false},"excerpt":{"rendered":"<p><strong>Marca<\/strong>: CARBORUNDUM<\/p>\n<p><strong>Linea<\/strong>: Rueda afilado de sierras<\/p>\n","protected":false},"featured_media":6965,"comment_status":"open","ping_status":"closed","template":"","meta":{"_joinchat":[]},"product_cat":[29,31],"product_tag":[253,236,207,350,315,349],"class_list":["post-6961","product","type-product","status-publish","has-post-thumbnail","hentry","product_cat-ferreteria","product_cat-industria","product_tag-afilado","product_tag-carborundum","product_tag-oxido-de-aluminio","product_tag-perfil-c","product_tag-rueda","product_tag-sierras"],"yoast_head":"<!-- This site is optimized with the Yoast SEO plugin v27.5 - https:\/\/yoast.com\/product\/yoast-seo-wordpress\/ -->\n<title>RUEDA AFILADO SIERRA - Distrab Colombia<\/title>\n<meta name=\"robots\" content=\"index, follow, max-snippet:-1, max-image-preview:large, max-video-preview:-1\" \/>\n<link rel=\"canonical\" href=\"https:\/\/www.distrab.com\/Word_Press\/product\/rueda-afilado-sierra\/\" \/>\n<meta property=\"og:locale\" content=\"es_ES\" \/>\n<meta property=\"og:type\" content=\"article\" \/>\n<meta property=\"og:title\" content=\"RUEDA AFILADO SIERRA - Distrab Colombia\" \/>\n<meta property=\"og:description\" content=\"Marca: CARBORUNDUM  Linea: Rueda afilado de sierras\" \/>\n<meta property=\"og:url\" content=\"https:\/\/www.distrab.com\/Word_Press\/product\/rueda-afilado-sierra\/\" \/>\n<meta property=\"og:site_name\" content=\"Distrab Colombia\" \/>\n<meta property=\"article:publisher\" content=\"https:\/\/www.facebook.com\/profile.php?id=100075792741893&amp;mibextid=ZbWKwL\" \/>\n<meta property=\"article:modified_time\" content=\"2025-11-25T16:28:59+00:00\" \/>\n<meta property=\"og:image\" content=\"https:\/\/www.distrab.com\/Word_Press\/wp-content\/uploads\/2022\/03\/206200.jpg\" \/>\n\t<meta property=\"og:image:width\" content=\"1200\" \/>\n\t<meta property=\"og:image:height\" content=\"1200\" \/>\n\t<meta property=\"og:image:type\" content=\"image\/jpeg\" \/>\n<meta name=\"twitter:card\" content=\"summary_large_image\" \/>\n<script type=\"application\/ld+json\" class=\"yoast-schema-graph\">{\"@context\":\"https:\\\/\\\/schema.org\",\"@graph\":[{\"@type\":\"WebPage\",\"@id\":\"https:\\\/\\\/www.distrab.com\\\/Word_Press\\\/product\\\/rueda-afilado-sierra\\\/\",\"url\":\"https:\\\/\\\/www.distrab.com\\\/Word_Press\\\/product\\\/rueda-afilado-sierra\\\/\",\"name\":\"RUEDA AFILADO SIERRA - Distrab Colombia\",\"isPartOf\":{\"@id\":\"https:\\\/\\\/www.distrab.com\\\/Word_Press\\\/#website\"},\"primaryImageOfPage\":{\"@id\":\"https:\\\/\\\/www.distrab.com\\\/Word_Press\\\/product\\\/rueda-afilado-sierra\\\/#primaryimage\"},\"image\":{\"@id\":\"https:\\\/\\\/www.distrab.com\\\/Word_Press\\\/product\\\/rueda-afilado-sierra\\\/#primaryimage\"},\"thumbnailUrl\":\"https:\\\/\\\/i0.wp.com\\\/www.distrab.com\\\/Word_Press\\\/wp-content\\\/uploads\\\/2022\\\/03\\\/206200.jpg?fit=1200%2C1200&ssl=1\",\"datePublished\":\"2022-03-23T19:28:59+00:00\",\"dateModified\":\"2025-11-25T16:28:59+00:00\",\"breadcrumb\":{\"@id\":\"https:\\\/\\\/www.distrab.com\\\/Word_Press\\\/product\\\/rueda-afilado-sierra\\\/#breadcrumb\"},\"inLanguage\":\"es-CO\",\"potentialAction\":[{\"@type\":\"ReadAction\",\"target\":[\"https:\\\/\\\/www.distrab.com\\\/Word_Press\\\/product\\\/rueda-afilado-sierra\\\/\"]}]},{\"@type\":\"ImageObject\",\"inLanguage\":\"es-CO\",\"@id\":\"https:\\\/\\\/www.distrab.com\\\/Word_Press\\\/product\\\/rueda-afilado-sierra\\\/#primaryimage\",\"url\":\"https:\\\/\\\/i0.wp.com\\\/www.distrab.com\\\/Word_Press\\\/wp-content\\\/uploads\\\/2022\\\/03\\\/206200.jpg?fit=1200%2C1200&ssl=1\",\"contentUrl\":\"https:\\\/\\\/i0.wp.com\\\/www.distrab.com\\\/Word_Press\\\/wp-content\\\/uploads\\\/2022\\\/03\\\/206200.jpg?fit=1200%2C1200&ssl=1\",\"width\":1200,\"height\":1200,\"caption\":\"RUEDA AFILADO SIERRA\"},{\"@type\":\"BreadcrumbList\",\"@id\":\"https:\\\/\\\/www.distrab.com\\\/Word_Press\\\/product\\\/rueda-afilado-sierra\\\/#breadcrumb\",\"itemListElement\":[{\"@type\":\"ListItem\",\"position\":1,\"name\":\"Inicio\",\"item\":\"https:\\\/\\\/www.distrab.com\\\/Word_Press\\\/\"},{\"@type\":\"ListItem\",\"position\":2,\"name\":\"Tienda\",\"item\":\"https:\\\/\\\/www.distrab.com\\\/Word_Press\\\/shop\\\/\"},{\"@type\":\"ListItem\",\"position\":3,\"name\":\"RUEDA AFILADO SIERRA\"}]},{\"@type\":\"WebSite\",\"@id\":\"https:\\\/\\\/www.distrab.com\\\/Word_Press\\\/#website\",\"url\":\"https:\\\/\\\/www.distrab.com\\\/Word_Press\\\/\",\"name\":\"Distrab Colombia\",\"description\":\"Distribuidora de abrasivos\",\"publisher\":{\"@id\":\"https:\\\/\\\/www.distrab.com\\\/Word_Press\\\/#organization\"},\"potentialAction\":[{\"@type\":\"SearchAction\",\"target\":{\"@type\":\"EntryPoint\",\"urlTemplate\":\"https:\\\/\\\/www.distrab.com\\\/Word_Press\\\/?s={search_term_string}\"},\"query-input\":{\"@type\":\"PropertyValueSpecification\",\"valueRequired\":true,\"valueName\":\"search_term_string\"}}],\"inLanguage\":\"es-CO\"},{\"@type\":\"Organization\",\"@id\":\"https:\\\/\\\/www.distrab.com\\\/Word_Press\\\/#organization\",\"name\":\"Distrab Colombia\",\"url\":\"https:\\\/\\\/www.distrab.com\\\/Word_Press\\\/\",\"logo\":{\"@type\":\"ImageObject\",\"inLanguage\":\"es-CO\",\"@id\":\"https:\\\/\\\/www.distrab.com\\\/Word_Press\\\/#\\\/schema\\\/logo\\\/image\\\/\",\"url\":\"https:\\\/\\\/www.distrab.com\\\/Word_Press\\\/wp-content\\\/uploads\\\/2021\\\/12\\\/LOGO-DISTRAB-DIC-14_2021.png\",\"contentUrl\":\"https:\\\/\\\/www.distrab.com\\\/Word_Press\\\/wp-content\\\/uploads\\\/2021\\\/12\\\/LOGO-DISTRAB-DIC-14_2021.png\",\"width\":1079,\"height\":339,\"caption\":\"Distrab Colombia\"},\"image\":{\"@id\":\"https:\\\/\\\/www.distrab.com\\\/Word_Press\\\/#\\\/schema\\\/logo\\\/image\\\/\"},\"sameAs\":[\"https:\\\/\\\/www.facebook.com\\\/profile.php?id=100075792741893&mibextid=ZbWKwL\",\"https:\\\/\\\/www.youtube.com\\\/channel\\\/UCRH9Fpg75K1QdmP1LHtD1ZA\"]}]}<\/script>\n<!-- \/ Yoast SEO plugin. -->","yoast_head_json":{"title":"RUEDA AFILADO SIERRA - Distrab Colombia","robots":{"index":"index","follow":"follow","max-snippet":"max-snippet:-1","max-image-preview":"max-image-preview:large","max-video-preview":"max-video-preview:-1"},"canonical":"https:\/\/www.distrab.com\/Word_Press\/product\/rueda-afilado-sierra\/","og_locale":"es_ES","og_type":"article","og_title":"RUEDA AFILADO SIERRA - Distrab Colombia","og_description":"Marca: CARBORUNDUM  Linea: Rueda afilado de sierras","og_url":"https:\/\/www.distrab.com\/Word_Press\/product\/rueda-afilado-sierra\/","og_site_name":"Distrab Colombia","article_publisher":"https:\/\/www.facebook.com\/profile.php?id=100075792741893&mibextid=ZbWKwL","article_modified_time":"2025-11-25T16:28:59+00:00","og_image":[{"width":1200,"height":1200,"url":"https:\/\/www.distrab.com\/Word_Press\/wp-content\/uploads\/2022\/03\/206200.jpg","type":"image\/jpeg"}],"twitter_card":"summary_large_image","schema":{"@context":"https:\/\/schema.org","@graph":[{"@type":"WebPage","@id":"https:\/\/www.distrab.com\/Word_Press\/product\/rueda-afilado-sierra\/","url":"https:\/\/www.distrab.com\/Word_Press\/product\/rueda-afilado-sierra\/","name":"RUEDA AFILADO SIERRA - Distrab Colombia","isPartOf":{"@id":"https:\/\/www.distrab.com\/Word_Press\/#website"},"primaryImageOfPage":{"@id":"https:\/\/www.distrab.com\/Word_Press\/product\/rueda-afilado-sierra\/#primaryimage"},"image":{"@id":"https:\/\/www.distrab.com\/Word_Press\/product\/rueda-afilado-sierra\/#primaryimage"},"thumbnailUrl":"https:\/\/i0.wp.com\/www.distrab.com\/Word_Press\/wp-content\/uploads\/2022\/03\/206200.jpg?fit=1200%2C1200&ssl=1","datePublished":"2022-03-23T19:28:59+00:00","dateModified":"2025-11-25T16:28:59+00:00","breadcrumb":{"@id":"https:\/\/www.distrab.com\/Word_Press\/product\/rueda-afilado-sierra\/#breadcrumb"},"inLanguage":"es-CO","potentialAction":[{"@type":"ReadAction","target":["https:\/\/www.distrab.com\/Word_Press\/product\/rueda-afilado-sierra\/"]}]},{"@type":"ImageObject","inLanguage":"es-CO","@id":"https:\/\/www.distrab.com\/Word_Press\/product\/rueda-afilado-sierra\/#primaryimage","url":"https:\/\/i0.wp.com\/www.distrab.com\/Word_Press\/wp-content\/uploads\/2022\/03\/206200.jpg?fit=1200%2C1200&ssl=1","contentUrl":"https:\/\/i0.wp.com\/www.distrab.com\/Word_Press\/wp-content\/uploads\/2022\/03\/206200.jpg?fit=1200%2C1200&ssl=1","width":1200,"height":1200,"caption":"RUEDA AFILADO SIERRA"},{"@type":"BreadcrumbList","@id":"https:\/\/www.distrab.com\/Word_Press\/product\/rueda-afilado-sierra\/#breadcrumb","itemListElement":[{"@type":"ListItem","position":1,"name":"Inicio","item":"https:\/\/www.distrab.com\/Word_Press\/"},{"@type":"ListItem","position":2,"name":"Tienda","item":"https:\/\/www.distrab.com\/Word_Press\/shop\/"},{"@type":"ListItem","position":3,"name":"RUEDA AFILADO SIERRA"}]},{"@type":"WebSite","@id":"https:\/\/www.distrab.com\/Word_Press\/#website","url":"https:\/\/www.distrab.com\/Word_Press\/","name":"Distrab Colombia","description":"Distribuidora de abrasivos","publisher":{"@id":"https:\/\/www.distrab.com\/Word_Press\/#organization"},"potentialAction":[{"@type":"SearchAction","target":{"@type":"EntryPoint","urlTemplate":"https:\/\/www.distrab.com\/Word_Press\/?s={search_term_string}"},"query-input":{"@type":"PropertyValueSpecification","valueRequired":true,"valueName":"search_term_string"}}],"inLanguage":"es-CO"},{"@type":"Organization","@id":"https:\/\/www.distrab.com\/Word_Press\/#organization","name":"Distrab Colombia","url":"https:\/\/www.distrab.com\/Word_Press\/","logo":{"@type":"ImageObject","inLanguage":"es-CO","@id":"https:\/\/www.distrab.com\/Word_Press\/#\/schema\/logo\/image\/","url":"https:\/\/www.distrab.com\/Word_Press\/wp-content\/uploads\/2021\/12\/LOGO-DISTRAB-DIC-14_2021.png","contentUrl":"https:\/\/www.distrab.com\/Word_Press\/wp-content\/uploads\/2021\/12\/LOGO-DISTRAB-DIC-14_2021.png","width":1079,"height":339,"caption":"Distrab Colombia"},"image":{"@id":"https:\/\/www.distrab.com\/Word_Press\/#\/schema\/logo\/image\/"},"sameAs":["https:\/\/www.facebook.com\/profile.php?id=100075792741893&mibextid=ZbWKwL","https:\/\/www.youtube.com\/channel\/UCRH9Fpg75K1QdmP1LHtD1ZA"]}]}},"_links":{"self":[{"href":"https:\/\/www.distrab.com\/Word_Press\/wp-json\/wp\/v2\/product\/6961","targetHints":{"allow":["GET"]}}],"collection":[{"href":"https:\/\/www.distrab.com\/Word_Press\/wp-json\/wp\/v2\/product"}],"about":[{"href":"https:\/\/www.distrab.com\/Word_Press\/wp-json\/wp\/v2\/types\/product"}],"replies":[{"embeddable":true,"href":"https:\/\/www.distrab.com\/Word_Press\/wp-json\/wp\/v2\/comments?post=6961"}],"wp:featuredmedia":[{"embeddable":true,"href":"https:\/\/www.distrab.com\/Word_Press\/wp-json\/wp\/v2\/media\/6965"}],"wp:attachment":[{"href":"https:\/\/www.distrab.com\/Word_Press\/wp-json\/wp\/v2\/media?parent=6961"}],"wp:term":[{"taxonomy":"product_cat","embeddable":true,"href":"https:\/\/www.distrab.com\/Word_Press\/wp-json\/wp\/v2\/product_cat?post=6961"},{"taxonomy":"product_tag","embeddable":true,"href":"https:\/\/www.distrab.com\/Word_Press\/wp-json\/wp\/v2\/product_tag?post=6961"}],"curies":[{"name":"wp","href":"https:\/\/api.w.org\/{rel}","templated":true}]}}