{"id":6825,"date":"2022-03-17T15:52:06","date_gmt":"2022-03-17T20:52:06","guid":{"rendered":"https:\/\/www.distrab.com\/Word_Press\/?post_type=product&#038;p=6825"},"modified":"2026-05-03T22:39:10","modified_gmt":"2026-05-04T03:39:10","slug":"punta-montada","status":"publish","type":"product","link":"https:\/\/www.distrab.com\/Word_Press\/product\/punta-montada\/","title":{"rendered":"PUNTA MONTADA"},"content":{"rendered":"<p>Caracter\u00edsticas: Fabricadas en \u00f3xido de Aluminio blanco con ligas vitrificadas que operan a 33 mts por\u00a0 segundo. Se fabrican con ejes de 1\/4 y 1\/8 de pulgada.<\/p>\n<p>Beneficios: Usadas en operaciones de desbaste y acabado en \u00e1reas de dif\u00edcil acceso, as\u00ed como en rectificado cil\u00edndrico de aceros.<\/p>\n","protected":false},"excerpt":{"rendered":"<p>Marca: NORTON<\/p>\n<p>Linea: Puntas Montadas.<\/p>\n","protected":false},"featured_media":6826,"comment_status":"open","ping_status":"closed","template":"","meta":{"_joinchat":[]},"product_cat":[29,31],"product_tag":[208,213,301,303],"class_list":["post-6825","product","type-product","status-publish","has-post-thumbnail","hentry","product_cat-ferreteria","product_cat-industria","product_tag-desbaste","product_tag-norton","product_tag-puntas-montadas","product_tag-rectificado-cilindrico"],"yoast_head":"<!-- This site is optimized with the Yoast SEO plugin v27.5 - https:\/\/yoast.com\/product\/yoast-seo-wordpress\/ -->\n<title>PUNTA MONTADA - Distrab Colombia<\/title>\n<meta name=\"robots\" content=\"index, follow, max-snippet:-1, max-image-preview:large, max-video-preview:-1\" \/>\n<link rel=\"canonical\" href=\"https:\/\/www.distrab.com\/Word_Press\/product\/punta-montada\/\" \/>\n<meta property=\"og:locale\" content=\"es_ES\" \/>\n<meta property=\"og:type\" content=\"article\" \/>\n<meta property=\"og:title\" content=\"PUNTA MONTADA - Distrab Colombia\" \/>\n<meta property=\"og:description\" content=\"Marca: NORTON  Linea: Puntas Montadas.\" \/>\n<meta property=\"og:url\" content=\"https:\/\/www.distrab.com\/Word_Press\/product\/punta-montada\/\" \/>\n<meta property=\"og:site_name\" content=\"Distrab Colombia\" \/>\n<meta property=\"article:publisher\" content=\"https:\/\/www.facebook.com\/profile.php?id=100075792741893&amp;mibextid=ZbWKwL\" \/>\n<meta property=\"article:modified_time\" content=\"2026-05-04T03:39:10+00:00\" \/>\n<meta property=\"og:image\" content=\"https:\/\/www.distrab.com\/Word_Press\/wp-content\/uploads\/2022\/03\/206863.jpg\" \/>\n\t<meta property=\"og:image:width\" content=\"1200\" \/>\n\t<meta property=\"og:image:height\" content=\"1200\" \/>\n\t<meta property=\"og:image:type\" content=\"image\/jpeg\" \/>\n<meta name=\"twitter:card\" content=\"summary_large_image\" \/>\n<script type=\"application\/ld+json\" class=\"yoast-schema-graph\">{\"@context\":\"https:\\\/\\\/schema.org\",\"@graph\":[{\"@type\":\"WebPage\",\"@id\":\"https:\\\/\\\/www.distrab.com\\\/Word_Press\\\/product\\\/punta-montada\\\/\",\"url\":\"https:\\\/\\\/www.distrab.com\\\/Word_Press\\\/product\\\/punta-montada\\\/\",\"name\":\"PUNTA MONTADA - Distrab Colombia\",\"isPartOf\":{\"@id\":\"https:\\\/\\\/www.distrab.com\\\/Word_Press\\\/#website\"},\"primaryImageOfPage\":{\"@id\":\"https:\\\/\\\/www.distrab.com\\\/Word_Press\\\/product\\\/punta-montada\\\/#primaryimage\"},\"image\":{\"@id\":\"https:\\\/\\\/www.distrab.com\\\/Word_Press\\\/product\\\/punta-montada\\\/#primaryimage\"},\"thumbnailUrl\":\"https:\\\/\\\/i0.wp.com\\\/www.distrab.com\\\/Word_Press\\\/wp-content\\\/uploads\\\/2022\\\/03\\\/206863.jpg?fit=1200%2C1200&ssl=1\",\"datePublished\":\"2022-03-17T20:52:06+00:00\",\"dateModified\":\"2026-05-04T03:39:10+00:00\",\"breadcrumb\":{\"@id\":\"https:\\\/\\\/www.distrab.com\\\/Word_Press\\\/product\\\/punta-montada\\\/#breadcrumb\"},\"inLanguage\":\"es-CO\",\"potentialAction\":[{\"@type\":\"ReadAction\",\"target\":[\"https:\\\/\\\/www.distrab.com\\\/Word_Press\\\/product\\\/punta-montada\\\/\"]}]},{\"@type\":\"ImageObject\",\"inLanguage\":\"es-CO\",\"@id\":\"https:\\\/\\\/www.distrab.com\\\/Word_Press\\\/product\\\/punta-montada\\\/#primaryimage\",\"url\":\"https:\\\/\\\/i0.wp.com\\\/www.distrab.com\\\/Word_Press\\\/wp-content\\\/uploads\\\/2022\\\/03\\\/206863.jpg?fit=1200%2C1200&ssl=1\",\"contentUrl\":\"https:\\\/\\\/i0.wp.com\\\/www.distrab.com\\\/Word_Press\\\/wp-content\\\/uploads\\\/2022\\\/03\\\/206863.jpg?fit=1200%2C1200&ssl=1\",\"width\":1200,\"height\":1200,\"caption\":\"PUNTA MONTADA A1 ROSADA\"},{\"@type\":\"BreadcrumbList\",\"@id\":\"https:\\\/\\\/www.distrab.com\\\/Word_Press\\\/product\\\/punta-montada\\\/#breadcrumb\",\"itemListElement\":[{\"@type\":\"ListItem\",\"position\":1,\"name\":\"Inicio\",\"item\":\"https:\\\/\\\/www.distrab.com\\\/Word_Press\\\/\"},{\"@type\":\"ListItem\",\"position\":2,\"name\":\"Tienda\",\"item\":\"https:\\\/\\\/www.distrab.com\\\/Word_Press\\\/shop\\\/\"},{\"@type\":\"ListItem\",\"position\":3,\"name\":\"PUNTA MONTADA\"}]},{\"@type\":\"WebSite\",\"@id\":\"https:\\\/\\\/www.distrab.com\\\/Word_Press\\\/#website\",\"url\":\"https:\\\/\\\/www.distrab.com\\\/Word_Press\\\/\",\"name\":\"Distrab Colombia\",\"description\":\"Distribuidora de abrasivos\",\"publisher\":{\"@id\":\"https:\\\/\\\/www.distrab.com\\\/Word_Press\\\/#organization\"},\"potentialAction\":[{\"@type\":\"SearchAction\",\"target\":{\"@type\":\"EntryPoint\",\"urlTemplate\":\"https:\\\/\\\/www.distrab.com\\\/Word_Press\\\/?s={search_term_string}\"},\"query-input\":{\"@type\":\"PropertyValueSpecification\",\"valueRequired\":true,\"valueName\":\"search_term_string\"}}],\"inLanguage\":\"es-CO\"},{\"@type\":\"Organization\",\"@id\":\"https:\\\/\\\/www.distrab.com\\\/Word_Press\\\/#organization\",\"name\":\"Distrab Colombia\",\"url\":\"https:\\\/\\\/www.distrab.com\\\/Word_Press\\\/\",\"logo\":{\"@type\":\"ImageObject\",\"inLanguage\":\"es-CO\",\"@id\":\"https:\\\/\\\/www.distrab.com\\\/Word_Press\\\/#\\\/schema\\\/logo\\\/image\\\/\",\"url\":\"https:\\\/\\\/www.distrab.com\\\/Word_Press\\\/wp-content\\\/uploads\\\/2021\\\/12\\\/LOGO-DISTRAB-DIC-14_2021.png\",\"contentUrl\":\"https:\\\/\\\/www.distrab.com\\\/Word_Press\\\/wp-content\\\/uploads\\\/2021\\\/12\\\/LOGO-DISTRAB-DIC-14_2021.png\",\"width\":1079,\"height\":339,\"caption\":\"Distrab Colombia\"},\"image\":{\"@id\":\"https:\\\/\\\/www.distrab.com\\\/Word_Press\\\/#\\\/schema\\\/logo\\\/image\\\/\"},\"sameAs\":[\"https:\\\/\\\/www.facebook.com\\\/profile.php?id=100075792741893&mibextid=ZbWKwL\",\"https:\\\/\\\/www.youtube.com\\\/channel\\\/UCRH9Fpg75K1QdmP1LHtD1ZA\"]}]}<\/script>\n<!-- \/ Yoast SEO plugin. -->","yoast_head_json":{"title":"PUNTA MONTADA - Distrab Colombia","robots":{"index":"index","follow":"follow","max-snippet":"max-snippet:-1","max-image-preview":"max-image-preview:large","max-video-preview":"max-video-preview:-1"},"canonical":"https:\/\/www.distrab.com\/Word_Press\/product\/punta-montada\/","og_locale":"es_ES","og_type":"article","og_title":"PUNTA MONTADA - Distrab Colombia","og_description":"Marca: NORTON  Linea: Puntas Montadas.","og_url":"https:\/\/www.distrab.com\/Word_Press\/product\/punta-montada\/","og_site_name":"Distrab Colombia","article_publisher":"https:\/\/www.facebook.com\/profile.php?id=100075792741893&mibextid=ZbWKwL","article_modified_time":"2026-05-04T03:39:10+00:00","og_image":[{"width":1200,"height":1200,"url":"https:\/\/www.distrab.com\/Word_Press\/wp-content\/uploads\/2022\/03\/206863.jpg","type":"image\/jpeg"}],"twitter_card":"summary_large_image","schema":{"@context":"https:\/\/schema.org","@graph":[{"@type":"WebPage","@id":"https:\/\/www.distrab.com\/Word_Press\/product\/punta-montada\/","url":"https:\/\/www.distrab.com\/Word_Press\/product\/punta-montada\/","name":"PUNTA MONTADA - Distrab Colombia","isPartOf":{"@id":"https:\/\/www.distrab.com\/Word_Press\/#website"},"primaryImageOfPage":{"@id":"https:\/\/www.distrab.com\/Word_Press\/product\/punta-montada\/#primaryimage"},"image":{"@id":"https:\/\/www.distrab.com\/Word_Press\/product\/punta-montada\/#primaryimage"},"thumbnailUrl":"https:\/\/i0.wp.com\/www.distrab.com\/Word_Press\/wp-content\/uploads\/2022\/03\/206863.jpg?fit=1200%2C1200&ssl=1","datePublished":"2022-03-17T20:52:06+00:00","dateModified":"2026-05-04T03:39:10+00:00","breadcrumb":{"@id":"https:\/\/www.distrab.com\/Word_Press\/product\/punta-montada\/#breadcrumb"},"inLanguage":"es-CO","potentialAction":[{"@type":"ReadAction","target":["https:\/\/www.distrab.com\/Word_Press\/product\/punta-montada\/"]}]},{"@type":"ImageObject","inLanguage":"es-CO","@id":"https:\/\/www.distrab.com\/Word_Press\/product\/punta-montada\/#primaryimage","url":"https:\/\/i0.wp.com\/www.distrab.com\/Word_Press\/wp-content\/uploads\/2022\/03\/206863.jpg?fit=1200%2C1200&ssl=1","contentUrl":"https:\/\/i0.wp.com\/www.distrab.com\/Word_Press\/wp-content\/uploads\/2022\/03\/206863.jpg?fit=1200%2C1200&ssl=1","width":1200,"height":1200,"caption":"PUNTA MONTADA A1 ROSADA"},{"@type":"BreadcrumbList","@id":"https:\/\/www.distrab.com\/Word_Press\/product\/punta-montada\/#breadcrumb","itemListElement":[{"@type":"ListItem","position":1,"name":"Inicio","item":"https:\/\/www.distrab.com\/Word_Press\/"},{"@type":"ListItem","position":2,"name":"Tienda","item":"https:\/\/www.distrab.com\/Word_Press\/shop\/"},{"@type":"ListItem","position":3,"name":"PUNTA MONTADA"}]},{"@type":"WebSite","@id":"https:\/\/www.distrab.com\/Word_Press\/#website","url":"https:\/\/www.distrab.com\/Word_Press\/","name":"Distrab Colombia","description":"Distribuidora de abrasivos","publisher":{"@id":"https:\/\/www.distrab.com\/Word_Press\/#organization"},"potentialAction":[{"@type":"SearchAction","target":{"@type":"EntryPoint","urlTemplate":"https:\/\/www.distrab.com\/Word_Press\/?s={search_term_string}"},"query-input":{"@type":"PropertyValueSpecification","valueRequired":true,"valueName":"search_term_string"}}],"inLanguage":"es-CO"},{"@type":"Organization","@id":"https:\/\/www.distrab.com\/Word_Press\/#organization","name":"Distrab Colombia","url":"https:\/\/www.distrab.com\/Word_Press\/","logo":{"@type":"ImageObject","inLanguage":"es-CO","@id":"https:\/\/www.distrab.com\/Word_Press\/#\/schema\/logo\/image\/","url":"https:\/\/www.distrab.com\/Word_Press\/wp-content\/uploads\/2021\/12\/LOGO-DISTRAB-DIC-14_2021.png","contentUrl":"https:\/\/www.distrab.com\/Word_Press\/wp-content\/uploads\/2021\/12\/LOGO-DISTRAB-DIC-14_2021.png","width":1079,"height":339,"caption":"Distrab Colombia"},"image":{"@id":"https:\/\/www.distrab.com\/Word_Press\/#\/schema\/logo\/image\/"},"sameAs":["https:\/\/www.facebook.com\/profile.php?id=100075792741893&mibextid=ZbWKwL","https:\/\/www.youtube.com\/channel\/UCRH9Fpg75K1QdmP1LHtD1ZA"]}]}},"_links":{"self":[{"href":"https:\/\/www.distrab.com\/Word_Press\/wp-json\/wp\/v2\/product\/6825","targetHints":{"allow":["GET"]}}],"collection":[{"href":"https:\/\/www.distrab.com\/Word_Press\/wp-json\/wp\/v2\/product"}],"about":[{"href":"https:\/\/www.distrab.com\/Word_Press\/wp-json\/wp\/v2\/types\/product"}],"replies":[{"embeddable":true,"href":"https:\/\/www.distrab.com\/Word_Press\/wp-json\/wp\/v2\/comments?post=6825"}],"wp:featuredmedia":[{"embeddable":true,"href":"https:\/\/www.distrab.com\/Word_Press\/wp-json\/wp\/v2\/media\/6826"}],"wp:attachment":[{"href":"https:\/\/www.distrab.com\/Word_Press\/wp-json\/wp\/v2\/media?parent=6825"}],"wp:term":[{"taxonomy":"product_cat","embeddable":true,"href":"https:\/\/www.distrab.com\/Word_Press\/wp-json\/wp\/v2\/product_cat?post=6825"},{"taxonomy":"product_tag","embeddable":true,"href":"https:\/\/www.distrab.com\/Word_Press\/wp-json\/wp\/v2\/product_tag?post=6825"}],"curies":[{"name":"wp","href":"https:\/\/api.w.org\/{rel}","templated":true}]}}