{"id":250,"date":"2021-09-07T06:44:39","date_gmt":"2021-09-07T11:44:39","guid":{"rendered":"https:\/\/wgl-demo.net\/doorwin\/?page_id=250"},"modified":"2025-01-08T14:46:29","modified_gmt":"2025-01-08T19:46:29","slug":"contact-us","status":"publish","type":"page","link":"https:\/\/www.distrab.com\/Word_Press\/contact-us\/","title":{"rendered":"Contacto"},"content":{"rendered":"\t\t<div data-elementor-type=\"wp-page\" data-elementor-id=\"250\" class=\"elementor elementor-250\" data-elementor-settings=\"[]\">\n\t\t\t\t\t\t\t<div class=\"elementor-section-wrap\">\n\t\t\t\t\t\t\t<section class=\"elementor-section elementor-top-section elementor-element elementor-element-03fed50 elementor-section-boxed elementor-section-height-default elementor-section-height-default\" data-id=\"03fed50\" data-element_type=\"section\">\n\t\t\t\t\t\t<div class=\"elementor-container elementor-column-gap-default\">\n\t\t\t\t\t<div class=\"elementor-column elementor-col-100 elementor-top-column elementor-element elementor-element-4c5025c\" data-id=\"4c5025c\" data-element_type=\"column\">\n\t\t\t<div class=\"elementor-widget-wrap elementor-element-populated\">\n\t\t\t\t\t\t\t\t<div class=\"elementor-element elementor-element-03dd6c9 elementor-widget elementor-widget-spacer\" data-id=\"03dd6c9\" data-element_type=\"widget\" data-widget_type=\"spacer.default\">\n\t\t\t\t<div class=\"elementor-widget-container\">\n\t\t\t\t\t<div class=\"elementor-spacer\">\n\t\t\t<div class=\"elementor-spacer-inner\"><\/div>\n\t\t<\/div>\n\t\t\t\t<\/div>\n\t\t\t\t<\/div>\n\t\t\t\t\t<\/div>\n\t\t<\/div>\n\t\t\t\t\t\t\t<\/div>\n\t\t<\/section>\n\t\t\t\t<section class=\"elementor-section elementor-top-section elementor-element elementor-element-e845c4c elementor-section-boxed elementor-section-height-default elementor-section-height-default\" data-id=\"e845c4c\" data-element_type=\"section\">\n\t\t\t\t\t\t<div class=\"elementor-container elementor-column-gap-default\">\n\t\t\t\t\t<div class=\"elementor-column elementor-col-50 elementor-top-column elementor-element elementor-element-9831464\" data-id=\"9831464\" data-element_type=\"column\">\n\t\t\t<div class=\"elementor-widget-wrap elementor-element-populated\">\n\t\t\t\t\t\t\t\t<div class=\"elementor-element elementor-element-df5167d elementor-widget elementor-widget-spacer\" data-id=\"df5167d\" data-element_type=\"widget\" data-widget_type=\"spacer.default\">\n\t\t\t\t<div class=\"elementor-widget-container\">\n\t\t\t\t\t<div class=\"elementor-spacer\">\n\t\t\t<div class=\"elementor-spacer-inner\"><\/div>\n\t\t<\/div>\n\t\t\t\t<\/div>\n\t\t\t\t<\/div>\n\t\t\t\t<div class=\"elementor-element elementor-element-a6e810c elementor-widget elementor-widget-wgl-double-heading\" data-id=\"a6e810c\" data-element_type=\"widget\" data-widget_type=\"wgl-double-heading.default\">\n\t\t\t\t<div class=\"elementor-widget-container\">\n\t\t\t<div class=\"wgl-double-heading\"><h3 class=\"dblh__title-wrapper\"><span class=\"dblh__title dblh__title-1\">Hablemos<\/span><\/h3><\/div>\t\t<\/div>\n\t\t\t\t<\/div>\n\t\t\t\t<div class=\"elementor-element elementor-element-b2efb89 elementor-widget elementor-widget-text-editor\" data-id=\"b2efb89\" data-element_type=\"widget\" data-widget_type=\"text-editor.default\">\n\t\t\t\t<div class=\"elementor-widget-container\">\n\t\t\t<style>\/*! elementor - v3.5.3 - 28-12-2021 *\/\n.elementor-widget-text-editor.elementor-drop-cap-view-stacked .elementor-drop-cap{background-color:#818a91;color:#fff}.elementor-widget-text-editor.elementor-drop-cap-view-framed .elementor-drop-cap{color:#818a91;border:3px solid;background-color:transparent}.elementor-widget-text-editor:not(.elementor-drop-cap-view-default) .elementor-drop-cap{margin-top:8px}.elementor-widget-text-editor:not(.elementor-drop-cap-view-default) .elementor-drop-cap-letter{width:1em;height:1em}.elementor-widget-text-editor .elementor-drop-cap{float:left;text-align:center;line-height:1;font-size:50px}.elementor-widget-text-editor .elementor-drop-cap-letter{display:inline-block}<\/style>\t\t\t\t<p>\u00a1Gracias por contactarnos! Nuestro equipo de call center atender\u00e1 tu consulta y recibir\u00e1s respuesta de forma inmediata.<\/p>\t\t\t\t\t\t<\/div>\n\t\t\t\t<\/div>\n\t\t\t\t<div class=\"elementor-element elementor-element-bfec282 elementor-widget elementor-widget-heading\" data-id=\"bfec282\" data-element_type=\"widget\" data-widget_type=\"heading.default\">\n\t\t\t\t<div class=\"elementor-widget-container\">\n\t\t\t<style>\/*! elementor - v3.5.3 - 28-12-2021 *\/\n.elementor-heading-title{padding:0;margin:0;line-height:1}.elementor-widget-heading .elementor-heading-title[class*=elementor-size-]>a{color:inherit;font-size:inherit;line-height:inherit}.elementor-widget-heading .elementor-heading-title.elementor-size-small{font-size:15px}.elementor-widget-heading .elementor-heading-title.elementor-size-medium{font-size:19px}.elementor-widget-heading .elementor-heading-title.elementor-size-large{font-size:29px}.elementor-widget-heading .elementor-heading-title.elementor-size-xl{font-size:39px}.elementor-widget-heading .elementor-heading-title.elementor-size-xxl{font-size:59px}<\/style><h3 class=\"elementor-heading-title elementor-size-default\">Sede Bogot\u00e1<\/h3>\t\t<\/div>\n\t\t\t\t<\/div>\n\t\t\t\t<div class=\"elementor-element elementor-element-9f52e2f elementor-widget elementor-widget-text-editor\" data-id=\"9f52e2f\" data-element_type=\"widget\" data-widget_type=\"text-editor.default\">\n\t\t\t\t<div class=\"elementor-widget-container\">\n\t\t\t\t\t\t\t<p>Carrera 27 # 13 &#8211; 16<br \/>Tel: 314 219 7732<\/p>\t\t\t\t\t\t<\/div>\n\t\t\t\t<\/div>\n\t\t\t\t<div class=\"elementor-element elementor-element-689012f elementor-widget__width-initial elementor-widget-tablet__width-inherit elementor-hidden-tablet elementor-hidden-mobile elementor-shape-circle elementor-invisible elementor-widget elementor-widget-wgl-social-icons\" data-id=\"689012f\" data-element_type=\"widget\" data-settings=\"{&quot;_animation&quot;:&quot;fadeInUp&quot;}\" data-widget_type=\"wgl-social-icons.default\">\n\t\t\t\t<div class=\"elementor-widget-container\">\n\t\t\t<div class=\"wgl-social-icons elementor-social-icons-wrapper\"><a class=\"icon__wrapper elementor-repeater-item-dce149c \" href=\"https:\/\/www.instagram.com\/\" target=\"_blank\"><span class=\"elementor-icon elementor-social-icon elementor-social-icon-fa-instagram\" title=\"instagram\"><span class=\"elementor-screen-only\">Fa-instagram<\/span><i class=\"fab fa-instagram\"><\/i><\/span><\/a><a class=\"icon__wrapper elementor-repeater-item-f7eb332 \" href=\"https:\/\/www.facebook.com\/\" target=\"_blank\"><span class=\"elementor-icon elementor-social-icon elementor-social-icon-fa-facebook\" title=\"Facebook\"><span class=\"elementor-screen-only\">Fa-facebook<\/span><i class=\"fab fa-facebook\"><\/i><\/span><\/a><a class=\"icon__wrapper elementor-repeater-item-923e59a \" target=\"_blank\"><span class=\"elementor-icon elementor-social-icon elementor-social-icon-fa-whatsapp\" title=\"Whatsapp\"><span class=\"elementor-screen-only\">Fa-whatsapp<\/span><i class=\"fab fa-whatsapp\"><\/i><\/span><\/a><a class=\"icon__wrapper elementor-repeater-item-8e070bb \" target=\"_blank\"><span class=\"elementor-icon elementor-social-icon elementor-social-icon-fa-youtube\" title=\"Youtube\"><span class=\"elementor-screen-only\">Fa-youtube<\/span><i class=\"fab fa-youtube\"><\/i><\/span><\/a><\/div>\t\t<\/div>\n\t\t\t\t<\/div>\n\t\t\t\t<div class=\"elementor-element elementor-element-d94b332 elementor-widget__width-initial elementor-widget-tablet__width-inherit elementor-hidden-desktop elementor-shape-circle elementor-invisible elementor-widget elementor-widget-wgl-social-icons\" data-id=\"d94b332\" data-element_type=\"widget\" data-settings=\"{&quot;_animation&quot;:&quot;fadeInUp&quot;}\" data-widget_type=\"wgl-social-icons.default\">\n\t\t\t\t<div class=\"elementor-widget-container\">\n\t\t\t<div class=\"wgl-social-icons elementor-social-icons-wrapper\"><a class=\"icon__wrapper elementor-repeater-item-f7eb332 \" href=\"https:\/\/www.facebook.com\/\" target=\"_blank\"><span class=\"elementor-icon elementor-social-icon elementor-social-icon-fa-facebook\" title=\"Facebook\"><span class=\"elementor-screen-only\">Fa-facebook<\/span><i class=\"fab fa-facebook\"><\/i><\/span><\/a><a class=\"icon__wrapper elementor-repeater-item-0888409 \" href=\"https:\/\/www.messenger.com\/\" target=\"_blank\"><span class=\"elementor-icon elementor-social-icon elementor-social-icon-flaticon-messenger\" title=\"messenger\"><span class=\"elementor-screen-only\">Flaticon-messenger<\/span><i class=\"flaticon flaticon-messenger\"><\/i><\/span><\/a><a class=\"icon__wrapper elementor-repeater-item-ba444a8 \" href=\"https:\/\/twitter.com\/\" target=\"_blank\"><span class=\"elementor-icon elementor-social-icon elementor-social-icon-fa-twitter\" title=\"twitter\"><span class=\"elementor-screen-only\">Fa-twitter<\/span><i class=\"fab fa-twitter\"><\/i><\/span><\/a><a class=\"icon__wrapper elementor-repeater-item-dce149c \" href=\"https:\/\/www.instagram.com\/\" target=\"_blank\"><span class=\"elementor-icon elementor-social-icon elementor-social-icon-fa-instagram\" title=\"instagram\"><span class=\"elementor-screen-only\">Fa-instagram<\/span><i class=\"fab fa-instagram\"><\/i><\/span><\/a><\/div>\t\t<\/div>\n\t\t\t\t<\/div>\n\t\t\t\t\t<\/div>\n\t\t<\/div>\n\t\t\t\t<div class=\"elementor-column elementor-col-50 elementor-top-column elementor-element elementor-element-59fb565\" data-id=\"59fb565\" data-element_type=\"column\" data-settings=\"{&quot;background_background&quot;:&quot;classic&quot;}\">\n\t\t\t<div class=\"elementor-widget-wrap elementor-element-populated\">\n\t\t\t\t\t\t\t\t<div class=\"elementor-element elementor-element-b68ca86 elementor-widget elementor-widget-heading\" data-id=\"b68ca86\" data-element_type=\"widget\" data-widget_type=\"heading.default\">\n\t\t\t\t<div class=\"elementor-widget-container\">\n\t\t\t<h3 class=\"elementor-heading-title elementor-size-default\">Contacto<\/h3>\t\t<\/div>\n\t\t\t\t<\/div>\n\t\t\t\t<div class=\"elementor-element elementor-element-5145b3d elementor-widget elementor-widget-wgl-contact-form-7\" data-id=\"5145b3d\" data-element_type=\"widget\" data-widget_type=\"wgl-contact-form-7.default\">\n\t\t\t\t<div class=\"elementor-widget-container\">\n\t\t\t<div class=\"wgl-contact-form-7\"><div role=\"form\" class=\"wpcf7\" id=\"wpcf7-f2391-o1\" lang=\"en-US\" dir=\"ltr\">\n<div class=\"screen-reader-response\"><p role=\"status\" aria-live=\"polite\" aria-atomic=\"true\"><\/p> <ul><\/ul><\/div>\n<form action=\"\/Word_Press\/wp-json\/wp\/v2\/pages\/250#wpcf7-f2391-o1\" method=\"post\" class=\"wpcf7-form init\" novalidate=\"novalidate\" data-status=\"init\">\n<div style=\"display: none;\">\n<input type=\"hidden\" name=\"_wpcf7\" value=\"2391\" \/>\n<input type=\"hidden\" name=\"_wpcf7_version\" value=\"5.6.4\" \/>\n<input type=\"hidden\" name=\"_wpcf7_locale\" value=\"en_US\" \/>\n<input type=\"hidden\" name=\"_wpcf7_unit_tag\" value=\"wpcf7-f2391-o1\" \/>\n<input type=\"hidden\" name=\"_wpcf7_container_post\" value=\"0\" \/>\n<input type=\"hidden\" name=\"_wpcf7_posted_data_hash\" value=\"\" \/>\n<\/div>\n<div class='row'>\n<div class='wgl_col-12'>\n    <label for=\"text-100\">Nombre*<\/label><br \/>\n    <span class=\"wpcf7-form-control-wrap\" data-name=\"text-100\"><input type=\"text\" name=\"text-100\" value=\"\" size=\"40\" class=\"wpcf7-form-control wpcf7-text wpcf7-validates-as-required\" id=\"text-100\" aria-required=\"true\" aria-invalid=\"false\" \/><\/span>\n<\/div>\n<div class='wgl_col-12'>\n    <label for=\"email-175\">Email *<\/label><br \/>\n    <span class=\"wpcf7-form-control-wrap\" data-name=\"email-175\"><input type=\"email\" name=\"email-175\" value=\"\" size=\"40\" class=\"wpcf7-form-control wpcf7-text wpcf7-email wpcf7-validates-as-required wpcf7-validates-as-email\" id=\"email-175\" aria-required=\"true\" aria-invalid=\"false\" \/><\/span>\n<\/div>\n<div class='wgl_col-12'>\n    <label for=\"textarea-298\">Tu Mensaje *<\/label><br \/>\n    <span class=\"wpcf7-form-control-wrap\" data-name=\"textarea-298\"><textarea name=\"textarea-298\" cols=\"40\" rows=\"10\" class=\"wpcf7-form-control wpcf7-textarea\" id=\"textarea-298\" aria-invalid=\"false\"><\/textarea><\/span>\n<\/div>\n<div class='wgl_col-12'>\n    <input type=\"submit\" value=\"Enviar Mensaje\" class=\"wpcf7-form-control has-spinner wpcf7-submit\" \/>\n<\/div>\n<\/div>\n<p style=\"display: none !important;\"><label>&#916;<textarea name=\"_wpcf7_ak_hp_textarea\" cols=\"45\" rows=\"8\" maxlength=\"100\"><\/textarea><\/label><input type=\"hidden\" id=\"ak_js_1\" name=\"_wpcf7_ak_js\" value=\"139\"\/><script>document.getElementById( \"ak_js_1\" ).setAttribute( \"value\", ( new Date() ).getTime() );<\/script><\/p><div class=\"wpcf7-response-output\" aria-hidden=\"true\"><\/div><\/form><\/div><\/div>\t\t<\/div>\n\t\t\t\t<\/div>\n\t\t\t\t\t<\/div>\n\t\t<\/div>\n\t\t\t\t\t\t\t<\/div>\n\t\t<\/section>\n\t\t\t\t\t\t<\/div>\n\t\t\t\t\t<\/div>\n\t\t","protected":false},"excerpt":{"rendered":"<p>Hablemos \u00a1Gracias por contactarnos! Nuestro equipo de call center atender\u00e1 tu consulta y recibir\u00e1s respuesta de forma inmediata. Sede Bogot\u00e1 Carrera 27 # 13 &#8211; 16Tel: 314 219 7732 Fa-instagramFa-facebookFa-whatsappFa-youtube Fa-facebookFlaticon-messengerFa-twitterFa-instagram Contacto Nombre* Email * Tu Mensaje * &#916;<\/p>\n","protected":false},"author":1,"featured_media":0,"parent":0,"menu_order":0,"comment_status":"closed","ping_status":"closed","template":"","meta":{"_joinchat":[],"footnotes":""},"class_list":["post-250","page","type-page","status-publish","hentry"],"yoast_head":"<!-- This site is optimized with the Yoast SEO plugin v27.5 - https:\/\/yoast.com\/product\/yoast-seo-wordpress\/ -->\n<title>Distrab Colombia - Contacto<\/title>\n<meta name=\"robots\" content=\"index, follow, max-snippet:-1, max-image-preview:large, max-video-preview:-1\" \/>\n<link rel=\"canonical\" href=\"https:\/\/www.distrab.com\/Word_Press\/contact-us\/\" \/>\n<meta property=\"og:locale\" content=\"es_ES\" \/>\n<meta property=\"og:type\" content=\"article\" \/>\n<meta property=\"og:title\" content=\"Distrab Colombia - Contacto\" \/>\n<meta property=\"og:description\" content=\"Hablemos \u00a1Gracias por contactarnos! Nuestro equipo de call center atender\u00e1 tu consulta y recibir\u00e1s respuesta de forma inmediata. Sede Bogot\u00e1 Carrera 27 # 13 &#8211; 16Tel: 314 219 7732 Fa-instagramFa-facebookFa-whatsappFa-youtube Fa-facebookFlaticon-messengerFa-twitterFa-instagram Contacto Nombre* Email * Tu Mensaje * &#916;\" \/>\n<meta property=\"og:url\" content=\"https:\/\/www.distrab.com\/Word_Press\/contact-us\/\" \/>\n<meta property=\"og:site_name\" content=\"Distrab Colombia\" \/>\n<meta property=\"article:publisher\" content=\"https:\/\/www.facebook.com\/profile.php?id=100075792741893&amp;mibextid=ZbWKwL\" \/>\n<meta property=\"article:modified_time\" content=\"2025-01-08T19:46:29+00:00\" \/>\n<meta name=\"twitter:card\" content=\"summary_large_image\" \/>\n<script type=\"application\/ld+json\" class=\"yoast-schema-graph\">{\"@context\":\"https:\\\/\\\/schema.org\",\"@graph\":[{\"@type\":\"WebPage\",\"@id\":\"https:\\\/\\\/www.distrab.com\\\/Word_Press\\\/contact-us\\\/\",\"url\":\"https:\\\/\\\/www.distrab.com\\\/Word_Press\\\/contact-us\\\/\",\"name\":\"Distrab Colombia - Contacto\",\"isPartOf\":{\"@id\":\"https:\\\/\\\/www.distrab.com\\\/Word_Press\\\/#website\"},\"datePublished\":\"2021-09-07T11:44:39+00:00\",\"dateModified\":\"2025-01-08T19:46:29+00:00\",\"breadcrumb\":{\"@id\":\"https:\\\/\\\/www.distrab.com\\\/Word_Press\\\/contact-us\\\/#breadcrumb\"},\"inLanguage\":\"es-CO\",\"potentialAction\":[{\"@type\":\"ReadAction\",\"target\":[\"https:\\\/\\\/www.distrab.com\\\/Word_Press\\\/contact-us\\\/\"]}]},{\"@type\":\"BreadcrumbList\",\"@id\":\"https:\\\/\\\/www.distrab.com\\\/Word_Press\\\/contact-us\\\/#breadcrumb\",\"itemListElement\":[{\"@type\":\"ListItem\",\"position\":1,\"name\":\"Inicio\",\"item\":\"https:\\\/\\\/www.distrab.com\\\/Word_Press\\\/\"},{\"@type\":\"ListItem\",\"position\":2,\"name\":\"Contacto\"}]},{\"@type\":\"WebSite\",\"@id\":\"https:\\\/\\\/www.distrab.com\\\/Word_Press\\\/#website\",\"url\":\"https:\\\/\\\/www.distrab.com\\\/Word_Press\\\/\",\"name\":\"Distrab Colombia\",\"description\":\"Distribuidora de abrasivos\",\"publisher\":{\"@id\":\"https:\\\/\\\/www.distrab.com\\\/Word_Press\\\/#organization\"},\"potentialAction\":[{\"@type\":\"SearchAction\",\"target\":{\"@type\":\"EntryPoint\",\"urlTemplate\":\"https:\\\/\\\/www.distrab.com\\\/Word_Press\\\/?s={search_term_string}\"},\"query-input\":{\"@type\":\"PropertyValueSpecification\",\"valueRequired\":true,\"valueName\":\"search_term_string\"}}],\"inLanguage\":\"es-CO\"},{\"@type\":\"Organization\",\"@id\":\"https:\\\/\\\/www.distrab.com\\\/Word_Press\\\/#organization\",\"name\":\"Distrab Colombia\",\"url\":\"https:\\\/\\\/www.distrab.com\\\/Word_Press\\\/\",\"logo\":{\"@type\":\"ImageObject\",\"inLanguage\":\"es-CO\",\"@id\":\"https:\\\/\\\/www.distrab.com\\\/Word_Press\\\/#\\\/schema\\\/logo\\\/image\\\/\",\"url\":\"https:\\\/\\\/www.distrab.com\\\/Word_Press\\\/wp-content\\\/uploads\\\/2021\\\/12\\\/LOGO-DISTRAB-DIC-14_2021.png\",\"contentUrl\":\"https:\\\/\\\/www.distrab.com\\\/Word_Press\\\/wp-content\\\/uploads\\\/2021\\\/12\\\/LOGO-DISTRAB-DIC-14_2021.png\",\"width\":1079,\"height\":339,\"caption\":\"Distrab Colombia\"},\"image\":{\"@id\":\"https:\\\/\\\/www.distrab.com\\\/Word_Press\\\/#\\\/schema\\\/logo\\\/image\\\/\"},\"sameAs\":[\"https:\\\/\\\/www.facebook.com\\\/profile.php?id=100075792741893&mibextid=ZbWKwL\",\"https:\\\/\\\/www.youtube.com\\\/channel\\\/UCRH9Fpg75K1QdmP1LHtD1ZA\"]}]}<\/script>\n<!-- \/ Yoast SEO plugin. -->","yoast_head_json":{"title":"Distrab Colombia - Contacto","robots":{"index":"index","follow":"follow","max-snippet":"max-snippet:-1","max-image-preview":"max-image-preview:large","max-video-preview":"max-video-preview:-1"},"canonical":"https:\/\/www.distrab.com\/Word_Press\/contact-us\/","og_locale":"es_ES","og_type":"article","og_title":"Distrab Colombia - Contacto","og_description":"Hablemos \u00a1Gracias por contactarnos! Nuestro equipo de call center atender\u00e1 tu consulta y recibir\u00e1s respuesta de forma inmediata. Sede Bogot\u00e1 Carrera 27 # 13 &#8211; 16Tel: 314 219 7732 Fa-instagramFa-facebookFa-whatsappFa-youtube Fa-facebookFlaticon-messengerFa-twitterFa-instagram Contacto Nombre* Email * Tu Mensaje * &#916;","og_url":"https:\/\/www.distrab.com\/Word_Press\/contact-us\/","og_site_name":"Distrab Colombia","article_publisher":"https:\/\/www.facebook.com\/profile.php?id=100075792741893&mibextid=ZbWKwL","article_modified_time":"2025-01-08T19:46:29+00:00","twitter_card":"summary_large_image","schema":{"@context":"https:\/\/schema.org","@graph":[{"@type":"WebPage","@id":"https:\/\/www.distrab.com\/Word_Press\/contact-us\/","url":"https:\/\/www.distrab.com\/Word_Press\/contact-us\/","name":"Distrab Colombia - Contacto","isPartOf":{"@id":"https:\/\/www.distrab.com\/Word_Press\/#website"},"datePublished":"2021-09-07T11:44:39+00:00","dateModified":"2025-01-08T19:46:29+00:00","breadcrumb":{"@id":"https:\/\/www.distrab.com\/Word_Press\/contact-us\/#breadcrumb"},"inLanguage":"es-CO","potentialAction":[{"@type":"ReadAction","target":["https:\/\/www.distrab.com\/Word_Press\/contact-us\/"]}]},{"@type":"BreadcrumbList","@id":"https:\/\/www.distrab.com\/Word_Press\/contact-us\/#breadcrumb","itemListElement":[{"@type":"ListItem","position":1,"name":"Inicio","item":"https:\/\/www.distrab.com\/Word_Press\/"},{"@type":"ListItem","position":2,"name":"Contacto"}]},{"@type":"WebSite","@id":"https:\/\/www.distrab.com\/Word_Press\/#website","url":"https:\/\/www.distrab.com\/Word_Press\/","name":"Distrab Colombia","description":"Distribuidora de abrasivos","publisher":{"@id":"https:\/\/www.distrab.com\/Word_Press\/#organization"},"potentialAction":[{"@type":"SearchAction","target":{"@type":"EntryPoint","urlTemplate":"https:\/\/www.distrab.com\/Word_Press\/?s={search_term_string}"},"query-input":{"@type":"PropertyValueSpecification","valueRequired":true,"valueName":"search_term_string"}}],"inLanguage":"es-CO"},{"@type":"Organization","@id":"https:\/\/www.distrab.com\/Word_Press\/#organization","name":"Distrab Colombia","url":"https:\/\/www.distrab.com\/Word_Press\/","logo":{"@type":"ImageObject","inLanguage":"es-CO","@id":"https:\/\/www.distrab.com\/Word_Press\/#\/schema\/logo\/image\/","url":"https:\/\/www.distrab.com\/Word_Press\/wp-content\/uploads\/2021\/12\/LOGO-DISTRAB-DIC-14_2021.png","contentUrl":"https:\/\/www.distrab.com\/Word_Press\/wp-content\/uploads\/2021\/12\/LOGO-DISTRAB-DIC-14_2021.png","width":1079,"height":339,"caption":"Distrab Colombia"},"image":{"@id":"https:\/\/www.distrab.com\/Word_Press\/#\/schema\/logo\/image\/"},"sameAs":["https:\/\/www.facebook.com\/profile.php?id=100075792741893&mibextid=ZbWKwL","https:\/\/www.youtube.com\/channel\/UCRH9Fpg75K1QdmP1LHtD1ZA"]}]}},"_links":{"self":[{"href":"https:\/\/www.distrab.com\/Word_Press\/wp-json\/wp\/v2\/pages\/250","targetHints":{"allow":["GET"]}}],"collection":[{"href":"https:\/\/www.distrab.com\/Word_Press\/wp-json\/wp\/v2\/pages"}],"about":[{"href":"https:\/\/www.distrab.com\/Word_Press\/wp-json\/wp\/v2\/types\/page"}],"author":[{"embeddable":true,"href":"https:\/\/www.distrab.com\/Word_Press\/wp-json\/wp\/v2\/users\/1"}],"replies":[{"embeddable":true,"href":"https:\/\/www.distrab.com\/Word_Press\/wp-json\/wp\/v2\/comments?post=250"}],"version-history":[{"count":32,"href":"https:\/\/www.distrab.com\/Word_Press\/wp-json\/wp\/v2\/pages\/250\/revisions"}],"predecessor-version":[{"id":10834,"href":"https:\/\/www.distrab.com\/Word_Press\/wp-json\/wp\/v2\/pages\/250\/revisions\/10834"}],"wp:attachment":[{"href":"https:\/\/www.distrab.com\/Word_Press\/wp-json\/wp\/v2\/media?parent=250"}],"curies":[{"name":"wp","href":"https:\/\/api.w.org\/{rel}","templated":true}]}}